{"id":5431,"date":"2026-02-06T00:10:49","date_gmt":"2026-02-06T00:10:49","guid":{"rendered":"https:\/\/hemiboreal.com\/?page_id=5431"},"modified":"2026-02-20T13:22:33","modified_gmt":"2026-02-20T13:22:33","slug":"recits","status":"publish","type":"page","link":"https:\/\/hemiboreal.com\/fr\/recits\/","title":{"rendered":"R\u00e9cits"},"content":{"rendered":"\n\t\t\t<div class=\"wp-block-uagb-post-grid uagb-post-grid  uagb-post__image-position-top uagb-post__image-enabled uagb-block-d0fae1c2     uagb-post__items uagb-post__columns-3 is-grid uagb-post__columns-tablet-2 uagb-post__columns-mobile-1 uagb-post__equal-height\" data-total=\"1\" style=\"\">\n\n\t\t\t\t\t\t\t\t\t\t\t\t<article class=\"uagb-post__inner-wrap\">\t\t\t\t\t\t\t\t<div class='uagb-post__image'>\n\t\t\t\t\t\t\t\t\t<a href=\"https:\/\/hemiboreal.com\/fr\/recits\/suivre-le-rythme-de-16-lieux\/\" target=\"_self\" rel=\"bookmark noopener noreferrer\" class='uagb-image-ratio-inherit'><img loading=\"lazy\" decoding=\"async\" width=\"1024\" height=\"768\" src=\"https:\/\/hemiboreal.com\/wp-content\/uploads\/2026\/03\/IMG_2164-3-1024x768.jpg\" class=\"attachment-large size-large\" alt=\"\" srcset=\"https:\/\/hemiboreal.com\/wp-content\/uploads\/2026\/03\/IMG_2164-3-1024x768.jpg 1024w, https:\/\/hemiboreal.com\/wp-content\/uploads\/2026\/03\/IMG_2164-3-300x225.jpg 300w, https:\/\/hemiboreal.com\/wp-content\/uploads\/2026\/03\/IMG_2164-3-768x576.jpg 768w, https:\/\/hemiboreal.com\/wp-content\/uploads\/2026\/03\/IMG_2164-3-1536x1152.jpg 1536w, https:\/\/hemiboreal.com\/wp-content\/uploads\/2026\/03\/IMG_2164-3-2048x1536.jpg 2048w\" sizes=\"auto, (max-width: 1024px) 100vw, 1024px\" \/>\t\t\t\t\t<\/a>\n\t\t\t\t\t\t\t<\/div>\n\t\t\t\t\t\t<h4 class=\"uagb-post__title uagb-post__text\">\n\t\t\t\t<a href=\"https:\/\/hemiboreal.com\/fr\/recits\/suivre-le-rythme-de-16-lieux\/\" target=\"_self\" rel=\"bookmark noopener noreferrer\">Suivre le rythme de 16 lieux : un d\u00e9fi simple pour tenir un journal nature tout au long de l&rsquo;ann\u00e9e<\/a>\n\t\t\t<\/h4>\n\t\t\t\t\t\t<div class='uagb-post__text uagb-post-grid-byline'>\n\t\t\t\t\t\t\t\t<time datetime=\"2026-03-22T18:55:12+00:00\" class=\"uagb-post__date\">\n\t\t\t\t<span class=\"dashicons-calendar dashicons\"><\/span>\t\t\t\t\tmars 22, 2026\t\t\t\t<\/time>\n\t\t\t\t\t\t<\/div>\n\t\t\t\t\t\t\t<div class='uagb-post__text uagb-post__excerpt'>\n\t\t\t\t\t<p>Suivre le rythme de 16 lieux : un d\u00e9fi simple pour tenir un journal nature&#8230;\t\t\t\t<\/div>\n\t\t\t\t\t\t<div class=\"uagb-post__text uagb-post__cta wp-block-button\">\n\t\t\t\t<a class=\"wp-block-button__link uagb-text-link\" style=\"\" href=\"https:\/\/hemiboreal.com\/fr\/recits\/suivre-le-rythme-de-16-lieux\/\" target=\"_self\" rel=\"bookmark noopener noreferrer\">Lire la suite<\/a>\n\t\t\t<\/div>\n\t\t\t\n\t\t\t\t\t\t\t\t\t<\/article>\n\t\t\t\t\t\t\t\t\t\t\t\t\t\t\t\t<article class=\"uagb-post__inner-wrap\">\t\t\t\t\t\t\t\t<div class='uagb-post__image'>\n\t\t\t\t\t\t\t\t\t<a href=\"https:\/\/hemiboreal.com\/fr\/recits\/le-manifeste-des-quatre-temps\/\" target=\"_self\" rel=\"bookmark noopener noreferrer\" class='uagb-image-ratio-inherit'><img loading=\"lazy\" decoding=\"async\" width=\"1024\" height=\"576\" src=\"https:\/\/hemiboreal.com\/wp-content\/uploads\/2026\/02\/image-edited-1024x576.png\" class=\"attachment-large size-large\" alt=\"\" srcset=\"https:\/\/hemiboreal.com\/wp-content\/uploads\/2026\/02\/image-edited-1024x576.png 1024w, https:\/\/hemiboreal.com\/wp-content\/uploads\/2026\/02\/image-edited-300x169.png 300w, https:\/\/hemiboreal.com\/wp-content\/uploads\/2026\/02\/image-edited-768x432.png 768w, https:\/\/hemiboreal.com\/wp-content\/uploads\/2026\/02\/image-edited-1536x864.png 1536w, https:\/\/hemiboreal.com\/wp-content\/uploads\/2026\/02\/image-edited.png 1663w\" sizes=\"auto, (max-width: 1024px) 100vw, 1024px\" \/>\t\t\t\t\t<\/a>\n\t\t\t\t\t\t\t<\/div>\n\t\t\t\t\t\t<h4 class=\"uagb-post__title uagb-post__text\">\n\t\t\t\t<a href=\"https:\/\/hemiboreal.com\/fr\/recits\/le-manifeste-des-quatre-temps\/\" target=\"_self\" rel=\"bookmark noopener noreferrer\">Le manifeste des \u00abQuatre temps\u00bb : suivre le rythme de la nature au-del\u00e0 de l&rsquo;observation<\/a>\n\t\t\t<\/h4>\n\t\t\t\t\t\t<div class='uagb-post__text uagb-post-grid-byline'>\n\t\t\t\t\t\t\t\t<time datetime=\"2026-03-11T17:13:46+00:00\" class=\"uagb-post__date\">\n\t\t\t\t<span class=\"dashicons-calendar dashicons\"><\/span>\t\t\t\t\tmars 11, 2026\t\t\t\t<\/time>\n\t\t\t\t\t\t<\/div>\n\t\t\t\t\t\t\t<div class='uagb-post__text uagb-post__excerpt'>\n\t\t\t\t\t<p>Le manifeste des \u00abQuatre temps\u00bb : suivre le rythme de la nature au-del\u00e0 de l&rsquo;observation&#8230;\t\t\t\t<\/div>\n\t\t\t\t\t\t<div class=\"uagb-post__text uagb-post__cta wp-block-button\">\n\t\t\t\t<a class=\"wp-block-button__link uagb-text-link\" style=\"\" href=\"https:\/\/hemiboreal.com\/fr\/recits\/le-manifeste-des-quatre-temps\/\" target=\"_self\" rel=\"bookmark noopener noreferrer\">Lire la suite<\/a>\n\t\t\t<\/div>\n\t\t\t\n\t\t\t\t\t\t\t\t\t<\/article>\n\t\t\t\t\t\t\t\t\t\t\t\t\t\t\t\t<article class=\"uagb-post__inner-wrap\">\t\t\t\t\t\t\t\t<div class='uagb-post__image'>\n\t\t\t\t\t\t\t\t\t<a href=\"https:\/\/hemiboreal.com\/fr\/recits\/pas-seulement-pour-les-papillons\/\" target=\"_self\" rel=\"bookmark noopener noreferrer\" class='uagb-image-ratio-inherit'><img loading=\"lazy\" decoding=\"async\" width=\"1024\" height=\"542\" src=\"https:\/\/hemiboreal.com\/wp-content\/uploads\/2026\/02\/397cca66-b011-4ded-b8c2-859186c9abfd_1576x834-1024x542.webp\" class=\"attachment-large size-large\" alt=\"\" srcset=\"https:\/\/hemiboreal.com\/wp-content\/uploads\/2026\/02\/397cca66-b011-4ded-b8c2-859186c9abfd_1576x834-1024x542.webp 1024w, https:\/\/hemiboreal.com\/wp-content\/uploads\/2026\/02\/397cca66-b011-4ded-b8c2-859186c9abfd_1576x834-300x159.webp 300w, https:\/\/hemiboreal.com\/wp-content\/uploads\/2026\/02\/397cca66-b011-4ded-b8c2-859186c9abfd_1576x834-768x406.webp 768w, https:\/\/hemiboreal.com\/wp-content\/uploads\/2026\/02\/397cca66-b011-4ded-b8c2-859186c9abfd_1576x834.webp 1456w\" sizes=\"auto, (max-width: 1024px) 100vw, 1024px\" \/>\t\t\t\t\t<\/a>\n\t\t\t\t\t\t\t<\/div>\n\t\t\t\t\t\t<h4 class=\"uagb-post__title uagb-post__text\">\n\t\t\t\t<a href=\"https:\/\/hemiboreal.com\/fr\/recits\/pas-seulement-pour-les-papillons\/\" target=\"_self\" rel=\"bookmark noopener noreferrer\">Pas seulement pour les papillons : les multiples avantages d&rsquo;\u00eatre Patrouilleur.euse<\/a>\n\t\t\t<\/h4>\n\t\t\t\t\t\t<div class='uagb-post__text uagb-post-grid-byline'>\n\t\t\t\t\t\t\t\t<time datetime=\"2026-02-06T00:27:56+00:00\" class=\"uagb-post__date\">\n\t\t\t\t<span class=\"dashicons-calendar dashicons\"><\/span>\t\t\t\t\tf\u00e9vrier 6, 2026\t\t\t\t<\/time>\n\t\t\t\t\t\t<\/div>\n\t\t\t\t\t\t\t<div class='uagb-post__text uagb-post__excerpt'>\n\t\t\t\t\tC&rsquo;est la quatri\u00e8me ann\u00e9e que je suis Patrouilleur (Ranger) pour le projet l&rsquo;Effet Papillon de&#8230;\t\t\t\t<\/div>\n\t\t\t\t\t\t<div class=\"uagb-post__text uagb-post__cta wp-block-button\">\n\t\t\t\t<a class=\"wp-block-button__link uagb-text-link\" style=\"\" href=\"https:\/\/hemiboreal.com\/fr\/recits\/pas-seulement-pour-les-papillons\/\" target=\"_self\" rel=\"bookmark noopener noreferrer\">Lire la suite<\/a>\n\t\t\t<\/div>\n\t\t\t\n\t\t\t\t\t\t\t\t\t<\/article>\n\t\t\t\t\t\t\t\t\t\t\t\t\t\t\t\t<article class=\"uagb-post__inner-wrap\">\t\t\t\t\t\t\t\t<div class='uagb-post__image'>\n\t\t\t\t\t\t\t\t\t<a href=\"https:\/\/hemiboreal.com\/fr\/recits\/archipel-des-mottes-de-terre\/\" target=\"_self\" rel=\"bookmark noopener noreferrer\" class='uagb-image-ratio-inherit'><img loading=\"lazy\" decoding=\"async\" width=\"1024\" height=\"544\" src=\"https:\/\/hemiboreal.com\/wp-content\/uploads\/2026\/01\/ee5ffaa6-dc06-42ac-9255-8b944a2ea482_1595x848-1024x544.jpg\" class=\"attachment-large size-large\" alt=\"\" srcset=\"https:\/\/hemiboreal.com\/wp-content\/uploads\/2026\/01\/ee5ffaa6-dc06-42ac-9255-8b944a2ea482_1595x848-1024x544.jpg 1024w, https:\/\/hemiboreal.com\/wp-content\/uploads\/2026\/01\/ee5ffaa6-dc06-42ac-9255-8b944a2ea482_1595x848-300x159.jpg 300w, https:\/\/hemiboreal.com\/wp-content\/uploads\/2026\/01\/ee5ffaa6-dc06-42ac-9255-8b944a2ea482_1595x848-768x408.jpg 768w, https:\/\/hemiboreal.com\/wp-content\/uploads\/2026\/01\/ee5ffaa6-dc06-42ac-9255-8b944a2ea482_1595x848-1536x817.jpg 1536w, https:\/\/hemiboreal.com\/wp-content\/uploads\/2026\/01\/ee5ffaa6-dc06-42ac-9255-8b944a2ea482_1595x848.jpg 1595w\" sizes=\"auto, (max-width: 1024px) 100vw, 1024px\" \/>\t\t\t\t\t<\/a>\n\t\t\t\t\t\t\t<\/div>\n\t\t\t\t\t\t<h4 class=\"uagb-post__title uagb-post__text\">\n\t\t\t\t<a href=\"https:\/\/hemiboreal.com\/fr\/recits\/archipel-des-mottes-de-terre\/\" target=\"_self\" rel=\"bookmark noopener noreferrer\">L\u2019archipel des mottes de terre : ode \u00e0 une vie en campagne<\/a>\n\t\t\t<\/h4>\n\t\t\t\t\t\t<div class='uagb-post__text uagb-post-grid-byline'>\n\t\t\t\t\t\t\t\t<time datetime=\"2025-05-11T19:48:00+00:00\" class=\"uagb-post__date\">\n\t\t\t\t<span class=\"dashicons-calendar dashicons\"><\/span>\t\t\t\t\tmai 11, 2025\t\t\t\t<\/time>\n\t\t\t\t\t\t<\/div>\n\t\t\t\t\t\t\t<div class='uagb-post__text uagb-post__excerpt'>\n\t\t\t\t\tFigurez-vous\u2026 je n\u2019ai r\u00e9alis\u00e9 dans ma vingtaine que les \u00eeles du lac chez mes parents,&#8230;\t\t\t\t<\/div>\n\t\t\t\t\t\t<div class=\"uagb-post__text uagb-post__cta wp-block-button\">\n\t\t\t\t<a class=\"wp-block-button__link uagb-text-link\" style=\"\" href=\"https:\/\/hemiboreal.com\/fr\/recits\/archipel-des-mottes-de-terre\/\" target=\"_self\" rel=\"bookmark noopener noreferrer\">Lire la suite<\/a>\n\t\t\t<\/div>\n\t\t\t\n\t\t\t\t\t\t\t\t\t<\/article>\n\t\t\t\t\t\t\t\t\t\t\t<\/div>\n\t\t\t","protected":false},"excerpt":{"rendered":"","protected":false},"author":2,"featured_media":0,"parent":0,"menu_order":0,"comment_status":"closed","ping_status":"closed","template":"","meta":{"_uag_custom_page_level_css":"","_themeisle_gutenberg_block_has_review":false,"footnotes":""},"class_list":{"0":"post-5431","1":"page","2":"type-page","3":"status-publish","5":"infinite-scroll-item"},"uagb_featured_image_src":{"full":false,"thumbnail":false,"medium":false,"medium_large":false,"large":false,"1536x1536":false,"2048x2048":false},"uagb_author_info":{"display_name":"Samuel LeGresley","author_link":"https:\/\/hemiboreal.com\/fr\/author\/samuel-legresley\/"},"uagb_comment_info":0,"uagb_excerpt":null,"_links":{"self":[{"href":"https:\/\/hemiboreal.com\/fr\/wp-json\/wp\/v2\/pages\/5431","targetHints":{"allow":["GET"]}}],"collection":[{"href":"https:\/\/hemiboreal.com\/fr\/wp-json\/wp\/v2\/pages"}],"about":[{"href":"https:\/\/hemiboreal.com\/fr\/wp-json\/wp\/v2\/types\/page"}],"author":[{"embeddable":true,"href":"https:\/\/hemiboreal.com\/fr\/wp-json\/wp\/v2\/users\/2"}],"replies":[{"embeddable":true,"href":"https:\/\/hemiboreal.com\/fr\/wp-json\/wp\/v2\/comments?post=5431"}],"version-history":[{"count":2,"href":"https:\/\/hemiboreal.com\/fr\/wp-json\/wp\/v2\/pages\/5431\/revisions"}],"predecessor-version":[{"id":5520,"href":"https:\/\/hemiboreal.com\/fr\/wp-json\/wp\/v2\/pages\/5431\/revisions\/5520"}],"wp:attachment":[{"href":"https:\/\/hemiboreal.com\/fr\/wp-json\/wp\/v2\/media?parent=5431"}],"curies":[{"name":"wp","href":"https:\/\/api.w.org\/{rel}","templated":true}]}}