{"id":5118,"date":"2026-01-28T00:01:59","date_gmt":"2026-01-28T00:01:59","guid":{"rendered":"https:\/\/hemiboreal.com\/?page_id=5118"},"modified":"2026-03-24T22:46:00","modified_gmt":"2026-03-24T22:46:00","slug":"a-propos","status":"publish","type":"page","link":"https:\/\/hemiboreal.com\/fr\/a-propos\/","title":{"rendered":"\u00c0 propos de la Guilde"},"content":{"rendered":"\n<h2 class=\"wp-block-heading\">\u00c0 propos de la Guilde<\/h2>\n\n\n\n<p>La Guilde nature H\u00e9mibor\u00e9al est un collectif d&rsquo;apprentissage et un club de journal nature.<\/p>\n\n\n\n<p>Ouvert \u00e0 tous les niveaux de comp\u00e9tences, Hemiboreal est \u00e0 la fois une pratique et un groupe : il documente les changements saisonniers, la faune et les paysages tout en favorisant les liens et la cr\u00e9ativit\u00e9 dans la nature.<\/p>\n\n\n\n<p>Cet espace rassemble de mani\u00e8re informelle les amateurs de nature qui explorent les espaces urbains, les for\u00eats h\u00e9mibor\u00e9ales et les \u00e9cosyst\u00e8mes c\u00f4tiers des provinces maritimes canadiennes \u00e0 travers la journalisation, l&rsquo;art et l&rsquo;observation scientifique.<\/p>\n\n\n\n<div class=\"wp-block-buttons is-layout-flex wp-block-buttons-is-layout-flex\">\n<div class=\"wp-block-button\"><a class=\"wp-block-button__link wp-element-button\" href=\"http:\/\/instagram.com\/hemiboreal.nature\" target=\"_blank\" rel=\"noreferrer noopener\">Suivez-nous sur Instagram<\/a><\/div>\n\n\n\n<div class=\"wp-block-button\"><a class=\"wp-block-button__link wp-element-button\" href=\"http:\/\/hemiboreal.bsky.social\" target=\"_blank\" rel=\"noreferrer noopener\">Compte Bluesky<\/a><\/div>\n\n\n\n<div class=\"wp-block-button\"><a class=\"wp-block-button__link wp-element-button\" href=\"https:\/\/discord.gg\/cJ3jrxBtV7\" target=\"_blank\" rel=\"noreferrer noopener\">Cha\u00eene Discord<\/a><\/div>\n<\/div>\n\n\n\n<figure class=\"wp-block-image size-large\"><img loading=\"lazy\" decoding=\"async\" width=\"1024\" height=\"768\" src=\"https:\/\/hemiboreal.com\/wp-content\/uploads\/2026\/01\/pic01-1024x768.jpg\" alt=\"\" class=\"wp-image-5108\" srcset=\"https:\/\/hemiboreal.com\/wp-content\/uploads\/2026\/01\/pic01-1024x768.jpg 1024w, https:\/\/hemiboreal.com\/wp-content\/uploads\/2026\/01\/pic01-300x225.jpg 300w, https:\/\/hemiboreal.com\/wp-content\/uploads\/2026\/01\/pic01-768x576.jpg 768w, https:\/\/hemiboreal.com\/wp-content\/uploads\/2026\/01\/pic01-1536x1152.jpg 1536w, https:\/\/hemiboreal.com\/wp-content\/uploads\/2026\/01\/pic01-2048x1536.jpg 2048w\" sizes=\"auto, (max-width: 1024px) 100vw, 1024px\" \/><\/figure>\n\n\n\n<div class=\"wp-block-cover alignfull\"><img loading=\"lazy\" decoding=\"async\" width=\"1920\" height=\"2560\" class=\"wp-block-cover__image-background wp-image-5402 size-full\" alt=\"\" src=\"https:\/\/hemiboreal.com\/wp-content\/uploads\/2026\/02\/thirdvault-scaled.jpeg\" style=\"object-position:79% 65%\" data-object-fit=\"cover\" data-object-position=\"79% 65%\" srcset=\"https:\/\/hemiboreal.com\/wp-content\/uploads\/2026\/02\/thirdvault-scaled.jpeg 1920w, https:\/\/hemiboreal.com\/wp-content\/uploads\/2026\/02\/thirdvault-225x300.jpeg 225w, https:\/\/hemiboreal.com\/wp-content\/uploads\/2026\/02\/thirdvault-768x1024.jpeg 768w, https:\/\/hemiboreal.com\/wp-content\/uploads\/2026\/02\/thirdvault-1152x1536.jpeg 1152w, https:\/\/hemiboreal.com\/wp-content\/uploads\/2026\/02\/thirdvault-1536x2048.jpeg 1536w\" sizes=\"auto, (max-width: 1920px) 100vw, 1920px\" \/><span aria-hidden=\"true\" class=\"wp-block-cover__background has-contrast-background-color has-background-dim-70 has-background-dim\"><\/span><div class=\"wp-block-cover__inner-container is-layout-flow wp-block-cover-is-layout-flow\">\n<div class=\"wp-block-group\"><div class=\"wp-block-group__inner-container is-layout-constrained wp-block-group-is-layout-constrained\">\n<p>Je m&rsquo;appelle Samuel LeGresley et je m&rsquo;occupe de cet espace. Je travaille dans le domaine de la communication environnementale et je passe beaucoup de temps \u00e0 observer les plantes, les saisons et la relation entre les \u00eatres humains et les monde qui les entoure.<\/p>\n\n\n\n<p>H\u00e9miboreal, en particulier son blog, est l&rsquo;endroit o\u00f9 je partage mes notes issues de cette pratique. Celles-ci seront des courts textes et graphiques, fa\u00e7onn\u00e9s par une r\u00e9flexion approfondie, tant au sein qu&rsquo;en dehors des espaces naturels. Certains sont des \u0153uvres achev\u00e9es, d&rsquo;autres s&rsquo;apparentent davantage \u00e0 des notes de terrain.<\/p>\n\n\n\n<p>Ce travail \u00e9tait auparavant partag\u00e9 sous le nom Semencessauvages.org. Le nom a chang\u00e9 \u00e0 mesure que le champ d&rsquo;application s&rsquo;est \u00e9largi.<\/p>\n\n\n\n<p>Je vis au Canada, o\u00f9 les saisons sont rigoureuses et rythment la vie quotidienne. Je passe beaucoup de temps \u00e0 observer ces changements et notre lien avec le monde naturel dont nous faisons partie.<\/p>\n\n\n\n<div class=\"wp-block-buttons is-layout-flex wp-block-buttons-is-layout-flex\">\n<div class=\"wp-block-button\"><a class=\"wp-block-button__link wp-element-button\" href=\"http:\/\/samlegresley.com\" target=\"_blank\" rel=\"noreferrer noopener\">Mon site personnel<\/a><\/div>\n\n\n\n<div class=\"wp-block-button\"><a class=\"wp-block-button__link wp-element-button\" href=\"https:\/\/birdtree.land\"><em>Birdtree.land<\/em>, mon lieu d&rsquo;exp\u00e9rimentation sur l&rsquo;art et la nature (en anglais)<\/a><\/div>\n<\/div>\n<\/div><\/div>\n<\/div><\/div>\n\n\n<div class=\"gb-container gb-container-a09edfc1\">\n\n<p><\/p>\n\n\n\n<h3 class=\"wp-block-heading\">Signification du terme h\u00e9mibor\u00e9al<\/h3>\n\n<\/div>\n\n\n<p>Se chevauchant g\u00e9n\u00e9ralement avec la for\u00eat Wabanaki-acadienne dans les Maritimes, la zone h\u00e9miboreale est une for\u00eat de transition entre les r\u00e9gions temp\u00e9r\u00e9es et bor\u00e9ales, caract\u00e9ris\u00e9e par un m\u00e9lange d&rsquo;arbres conif\u00e8res et feuillus tels que l&rsquo;\u00e9pinette, le sapin, l&rsquo;\u00e9rable et le bouleau, mais aussi la pruche, le pin, le ch\u00eane rouge et le fr\u00eane. Avec ses hivers froids et ses \u00e9t\u00e9s chauds, elle abrite une faune diversifi\u00e9e et fait le lien entre les for\u00eats bor\u00e9ales du nord et les for\u00eats temp\u00e9r\u00e9es du sud.<\/p>\n\n\n\n<p>Voyez la carte ci-dessous, en vert mi-fonc\u00e9 (au milieu)<\/p>\n\n\n\n<figure class=\"wp-block-image alignfull size-large\"><img loading=\"lazy\" decoding=\"async\" width=\"1024\" height=\"724\" src=\"https:\/\/hemiboreal.com\/wp-content\/uploads\/2026\/01\/pic02-1024x724.png\" alt=\"\" class=\"wp-image-5110\" srcset=\"https:\/\/hemiboreal.com\/wp-content\/uploads\/2026\/01\/pic02-1024x724.png 1024w, https:\/\/hemiboreal.com\/wp-content\/uploads\/2026\/01\/pic02-300x212.png 300w, https:\/\/hemiboreal.com\/wp-content\/uploads\/2026\/01\/pic02-768x543.png 768w, https:\/\/hemiboreal.com\/wp-content\/uploads\/2026\/01\/pic02-1536x1085.png 1536w, https:\/\/hemiboreal.com\/wp-content\/uploads\/2026\/01\/pic02.png 1684w\" sizes=\"auto, (max-width: 1024px) 100vw, 1024px\" \/><figcaption class=\"wp-element-caption\">Donn\u00e9es : <em>Brandt, J.P. 2009. The extent of the North American boreal zone. Dossiers environnement 17: 101-161<\/em>.<\/figcaption><\/figure>\n\n\n\n<p>Vous vivez dans la zone h\u00e9mibor\u00e9ale et souhaitez participer ? Vous vous int\u00e9ressez \u00e0 la nature et souhaitez partager votre passion ?<\/p>\n\n\n\n<p>Contactez-nous \u00e0 l&rsquo;adresse <strong>hemiboreal<\/strong>(at)<strong>gmail.com<\/strong> pour en savoir plus ou pour rejoindre le club.<\/p>\n\n\n\n<figure class=\"wp-block-image size-large\"><img loading=\"lazy\" decoding=\"async\" width=\"1024\" height=\"768\" src=\"https:\/\/hemiboreal.com\/wp-content\/uploads\/2026\/01\/pic04-1024x768.jpg\" alt=\"\" class=\"wp-image-5112\" srcset=\"https:\/\/hemiboreal.com\/wp-content\/uploads\/2026\/01\/pic04-1024x768.jpg 1024w, https:\/\/hemiboreal.com\/wp-content\/uploads\/2026\/01\/pic04-300x225.jpg 300w, https:\/\/hemiboreal.com\/wp-content\/uploads\/2026\/01\/pic04-768x576.jpg 768w, https:\/\/hemiboreal.com\/wp-content\/uploads\/2026\/01\/pic04-1536x1152.jpg 1536w, https:\/\/hemiboreal.com\/wp-content\/uploads\/2026\/01\/pic04.jpg 2048w\" sizes=\"auto, (max-width: 1024px) 100vw, 1024px\" \/><\/figure>\n","protected":false},"excerpt":{"rendered":"<p>\u00c0 propos de la Guilde La Guilde nature H\u00e9mibor\u00e9al est un collectif d&rsquo;apprentissage et un club de journal nature. Ouvert \u00e0 tous les niveaux de comp\u00e9tences, Hemiboreal est \u00e0 la fois une pratique et un groupe : il documente les changements saisonniers, la faune et les paysages tout en favorisant les liens et la cr\u00e9ativit\u00e9 &#8230; <\/p>\n<p class=\"read-more-container\"><a title=\"\u00c0 propos de la Guilde\" class=\"read-more button\" href=\"https:\/\/hemiboreal.com\/fr\/a-propos\/#more-5118\" aria-label=\"En savoir plus sur \u00c0 propos de la Guilde\">Lire plus<\/a><\/p>\n","protected":false},"author":2,"featured_media":5109,"parent":0,"menu_order":0,"comment_status":"closed","ping_status":"closed","template":"","meta":{"_uag_custom_page_level_css":"","_themeisle_gutenberg_block_has_review":false,"footnotes":""},"class_list":{"0":"post-5118","1":"page","2":"type-page","3":"status-publish","4":"has-post-thumbnail","6":"infinite-scroll-item"},"uagb_featured_image_src":{"full":["https:\/\/hemiboreal.com\/wp-content\/uploads\/2026\/01\/pic01.jpg",2194,1646,false],"thumbnail":["https:\/\/hemiboreal.com\/wp-content\/uploads\/2026\/01\/pic01-150x150.jpg",150,150,true],"medium":["https:\/\/hemiboreal.com\/wp-content\/uploads\/2026\/01\/pic01-300x225.jpg",300,225,true],"medium_large":["https:\/\/hemiboreal.com\/wp-content\/uploads\/2026\/01\/pic01-768x576.jpg",768,576,true],"large":["https:\/\/hemiboreal.com\/wp-content\/uploads\/2026\/01\/pic01-1024x768.jpg",1024,768,true],"1536x1536":["https:\/\/hemiboreal.com\/wp-content\/uploads\/2026\/01\/pic01-1536x1152.jpg",1536,1152,true],"2048x2048":["https:\/\/hemiboreal.com\/wp-content\/uploads\/2026\/01\/pic01-2048x1536.jpg",2048,1536,true]},"uagb_author_info":{"display_name":"Samuel LeGresley","author_link":"https:\/\/hemiboreal.com\/fr\/author\/samuel-legresley\/"},"uagb_comment_info":0,"uagb_excerpt":"\u00c0 propos de la Guilde La Guilde nature H\u00e9mibor\u00e9al est un collectif d&rsquo;apprentissage et un club de journal nature. Ouvert \u00e0 tous les niveaux de comp\u00e9tences, Hemiboreal est \u00e0 la fois une pratique et un groupe : il documente les changements saisonniers, la faune et les paysages tout en favorisant les liens et la cr\u00e9ativit\u00e9\u2026","_links":{"self":[{"href":"https:\/\/hemiboreal.com\/fr\/wp-json\/wp\/v2\/pages\/5118","targetHints":{"allow":["GET"]}}],"collection":[{"href":"https:\/\/hemiboreal.com\/fr\/wp-json\/wp\/v2\/pages"}],"about":[{"href":"https:\/\/hemiboreal.com\/fr\/wp-json\/wp\/v2\/types\/page"}],"author":[{"embeddable":true,"href":"https:\/\/hemiboreal.com\/fr\/wp-json\/wp\/v2\/users\/2"}],"replies":[{"embeddable":true,"href":"https:\/\/hemiboreal.com\/fr\/wp-json\/wp\/v2\/comments?post=5118"}],"version-history":[{"count":14,"href":"https:\/\/hemiboreal.com\/fr\/wp-json\/wp\/v2\/pages\/5118\/revisions"}],"predecessor-version":[{"id":5774,"href":"https:\/\/hemiboreal.com\/fr\/wp-json\/wp\/v2\/pages\/5118\/revisions\/5774"}],"wp:featuredmedia":[{"embeddable":true,"href":"https:\/\/hemiboreal.com\/fr\/wp-json\/wp\/v2\/media\/5109"}],"wp:attachment":[{"href":"https:\/\/hemiboreal.com\/fr\/wp-json\/wp\/v2\/media?parent=5118"}],"curies":[{"name":"wp","href":"https:\/\/api.w.org\/{rel}","templated":true}]}}