{"id":4296,"date":"2024-05-10T13:23:46","date_gmt":"2024-05-10T13:23:46","guid":{"rendered":"https:\/\/www.wildflowerseeds.org\/?page_id=4296"},"modified":"2026-03-20T00:51:13","modified_gmt":"2026-03-20T00:51:13","slug":"wildflower-seeds","status":"publish","type":"page","link":"https:\/\/hemiboreal.com\/fr\/","title":{"rendered":"Guilde nature H\u00e9mibor\u00e9al"},"content":{"rendered":"\n<p><\/p>\n\n\n\n<div class=\"wp-block-cover\"><img loading=\"lazy\" decoding=\"async\" width=\"1024\" height=\"724\" class=\"wp-block-cover__image-background wp-image-5111 size-large\" alt=\"\" src=\"https:\/\/hemiboreal.com\/wp-content\/uploads\/2026\/01\/pic02-1024x724.png\" data-object-fit=\"cover\" srcset=\"https:\/\/hemiboreal.com\/wp-content\/uploads\/2026\/01\/pic02-1024x724.png 1024w, https:\/\/hemiboreal.com\/wp-content\/uploads\/2026\/01\/pic02-300x212.png 300w, https:\/\/hemiboreal.com\/wp-content\/uploads\/2026\/01\/pic02-768x543.png 768w, https:\/\/hemiboreal.com\/wp-content\/uploads\/2026\/01\/pic02-1536x1085.png 1536w, https:\/\/hemiboreal.com\/wp-content\/uploads\/2026\/01\/pic02.png 1684w\" sizes=\"auto, (max-width: 1024px) 100vw, 1024px\" \/><span aria-hidden=\"true\" class=\"wp-block-cover__background has-contrast-background-color has-background-dim-70 has-background-dim\"><\/span><div class=\"wp-block-cover__inner-container is-layout-flow wp-block-cover-is-layout-flow\">\n<div class=\"wp-block-group\"><div class=\"wp-block-group__inner-container is-layout-constrained wp-block-group-is-layout-constrained\">\n<div class=\"wp-block-columns is-layout-flex wp-container-core-columns-is-layout-9d6595d7 wp-block-columns-is-layout-flex\">\n<div class=\"wp-block-column is-vertically-aligned-center is-layout-flow wp-block-column-is-layout-flow\" style=\"flex-basis:90%\">\n<p class=\"has-base-3-color has-text-color has-link-color wp-elements-6e21f8f16dd795e8ed0cd640d68590d2\">Une communaut\u00e9 d&rsquo;amateurices de la nature centr\u00e9e autour des r\u00e9gions h\u00e9mibor\u00e9ales de l&rsquo;h\u00e9misph\u00e8re Nord.<\/p>\n\n\n\n<h3 class=\"wp-block-heading has-text-align-left has-base-3-color has-text-color has-link-color wp-elements-d6e6a865b90aed4b41e7b7189293cbf0\">Nous documentons au fil des cycles et des saisons, tout en cherchant \u00e0 partager notre passion pour le vivant avec les autres, au travers de la pratique du journal nature et du jardinage pour la faune.<\/h3>\n\n\n\n<div class=\"wp-block-buttons is-layout-flex wp-block-buttons-is-layout-flex\">\n<div class=\"wp-block-button\"><a class=\"wp-block-button__link wp-element-button\" href=\"https:\/\/hemiboreal.com\/fr\/a-propos\/\">\u00c0 propos d&rsquo;H\u00e9mibor\u00e9al<\/a><\/div>\n\n\n\n<div class=\"wp-block-button\"><a class=\"wp-block-button__link wp-element-button\" href=\"https:\/\/hemiboreal.com\/fr\/journal-nature\/\">Le journal nature<\/a><\/div>\n<\/div>\n<\/div>\n<\/div>\n<\/div><\/div>\n<\/div><\/div>\n\n\n\n<p><\/p>\n\n\n\n<p><\/p>\n\n\n\n<h3 class=\"wp-block-heading\">Derniers articles<\/h3>\n\n\n\n\t\t\t<div class=\"wp-block-uagb-post-grid uagb-post-grid  uagb-post__image-position-top uagb-post__image-enabled uagb-block-3a81ea51     uagb-post__items uagb-post__columns-4 is-grid uagb-post__columns-tablet-2 uagb-post__columns-mobile-1 uagb-post__equal-height\" data-total=\"2\" style=\"\">\n\n\t\t\t\t\t\t\t\t\t\t\t\t<article class=\"uagb-post__inner-wrap\">\t\t\t\t\t\t\t\t<div class='uagb-post__image'>\n\t\t\t\t\t\t\t\t\t<a href=\"https:\/\/hemiboreal.com\/fr\/recits\/suivre-le-rythme-de-16-lieux\/\" target=\"_self\" rel=\"bookmark noopener noreferrer\" class='uagb-image-ratio-inherit'><img loading=\"lazy\" decoding=\"async\" width=\"1024\" height=\"768\" src=\"https:\/\/hemiboreal.com\/wp-content\/uploads\/2026\/03\/IMG_2164-3-1024x768.jpg\" class=\"attachment-large size-large\" alt=\"\" srcset=\"https:\/\/hemiboreal.com\/wp-content\/uploads\/2026\/03\/IMG_2164-3-1024x768.jpg 1024w, https:\/\/hemiboreal.com\/wp-content\/uploads\/2026\/03\/IMG_2164-3-300x225.jpg 300w, https:\/\/hemiboreal.com\/wp-content\/uploads\/2026\/03\/IMG_2164-3-768x576.jpg 768w, https:\/\/hemiboreal.com\/wp-content\/uploads\/2026\/03\/IMG_2164-3-1536x1152.jpg 1536w, https:\/\/hemiboreal.com\/wp-content\/uploads\/2026\/03\/IMG_2164-3-2048x1536.jpg 2048w\" sizes=\"auto, (max-width: 1024px) 100vw, 1024px\" \/>\t\t\t\t\t<\/a>\n\t\t\t\t\t\t\t<\/div>\n\t\t\t\t\t\t\t<div class=\"uagb-post__text\">\n\t\t\t\t\t<span class='uagb-post__taxonomy default'>\n\t\t\t\t\t\t\t\t\t\t\t\t<a href=\"https:\/\/hemiboreal.com\/fr\/beats\/recits\/\">R\u00e9cits<\/a>\t\t\t\t\t<\/span>\n\t\t\t\t<\/div>\n\t\t\t\t\t\t\t<h4 class=\"uagb-post__title uagb-post__text\">\n\t\t\t\t<a href=\"https:\/\/hemiboreal.com\/fr\/recits\/suivre-le-rythme-de-16-lieux\/\" target=\"_self\" rel=\"bookmark noopener noreferrer\">Suivre le rythme de 16 lieux : un d\u00e9fi simple pour tenir un journal nature tout au long de l&rsquo;ann\u00e9e<\/a>\n\t\t\t<\/h4>\n\t\t\t\t\t\t<div class='uagb-post__text uagb-post-grid-byline'>\n\t\t\t\t\t\t\t\t<time datetime=\"2026-03-22T18:55:12+00:00\" class=\"uagb-post__date\">\n\t\t\t\t\t\t\t\t\tmars 22, 2026\t\t\t\t<\/time>\n\t\t\t\t\t\t<\/div>\n\t\t\t\n\t\t\t\t\t\t\t\t\t<\/article>\n\t\t\t\t\t\t\t\t\t\t\t\t\t\t\t\t<article class=\"uagb-post__inner-wrap\">\t\t\t\t\t\t\t\t<div class='uagb-post__image'>\n\t\t\t\t\t\t\t\t\t<a href=\"https:\/\/hemiboreal.com\/fr\/recits\/le-manifeste-des-quatre-temps\/\" target=\"_self\" rel=\"bookmark noopener noreferrer\" class='uagb-image-ratio-inherit'><img loading=\"lazy\" decoding=\"async\" width=\"1024\" height=\"576\" src=\"https:\/\/hemiboreal.com\/wp-content\/uploads\/2026\/02\/image-edited-1024x576.png\" class=\"attachment-large size-large\" alt=\"\" srcset=\"https:\/\/hemiboreal.com\/wp-content\/uploads\/2026\/02\/image-edited-1024x576.png 1024w, https:\/\/hemiboreal.com\/wp-content\/uploads\/2026\/02\/image-edited-300x169.png 300w, https:\/\/hemiboreal.com\/wp-content\/uploads\/2026\/02\/image-edited-768x432.png 768w, https:\/\/hemiboreal.com\/wp-content\/uploads\/2026\/02\/image-edited-1536x864.png 1536w, https:\/\/hemiboreal.com\/wp-content\/uploads\/2026\/02\/image-edited.png 1663w\" sizes=\"auto, (max-width: 1024px) 100vw, 1024px\" \/>\t\t\t\t\t<\/a>\n\t\t\t\t\t\t\t<\/div>\n\t\t\t\t\t\t\t<div class=\"uagb-post__text\">\n\t\t\t\t\t<span class='uagb-post__taxonomy default'>\n\t\t\t\t\t\t\t\t\t\t\t\t<a href=\"https:\/\/hemiboreal.com\/fr\/beats\/recits\/\">R\u00e9cits<\/a>\t\t\t\t\t<\/span>\n\t\t\t\t<\/div>\n\t\t\t\t\t\t\t<h4 class=\"uagb-post__title uagb-post__text\">\n\t\t\t\t<a href=\"https:\/\/hemiboreal.com\/fr\/recits\/le-manifeste-des-quatre-temps\/\" target=\"_self\" rel=\"bookmark noopener noreferrer\">Le manifeste des \u00abQuatre temps\u00bb : suivre le rythme de la nature au-del\u00e0 de l&rsquo;observation<\/a>\n\t\t\t<\/h4>\n\t\t\t\t\t\t<div class='uagb-post__text uagb-post-grid-byline'>\n\t\t\t\t\t\t\t\t<time datetime=\"2026-03-11T17:13:46+00:00\" class=\"uagb-post__date\">\n\t\t\t\t\t\t\t\t\tmars 11, 2026\t\t\t\t<\/time>\n\t\t\t\t\t\t<\/div>\n\t\t\t\n\t\t\t\t\t\t\t\t\t<\/article>\n\t\t\t\t\t\t\t\t\t\t\t\t\t\t\t\t<article class=\"uagb-post__inner-wrap\">\t\t\t\t\t\t\t\t<div class='uagb-post__image'>\n\t\t\t\t\t\t\t\t\t<a href=\"https:\/\/hemiboreal.com\/fr\/recits\/pas-seulement-pour-les-papillons\/\" target=\"_self\" rel=\"bookmark noopener noreferrer\" class='uagb-image-ratio-inherit'><img loading=\"lazy\" decoding=\"async\" width=\"1024\" height=\"542\" src=\"https:\/\/hemiboreal.com\/wp-content\/uploads\/2026\/02\/397cca66-b011-4ded-b8c2-859186c9abfd_1576x834-1024x542.webp\" class=\"attachment-large size-large\" alt=\"\" srcset=\"https:\/\/hemiboreal.com\/wp-content\/uploads\/2026\/02\/397cca66-b011-4ded-b8c2-859186c9abfd_1576x834-1024x542.webp 1024w, https:\/\/hemiboreal.com\/wp-content\/uploads\/2026\/02\/397cca66-b011-4ded-b8c2-859186c9abfd_1576x834-300x159.webp 300w, https:\/\/hemiboreal.com\/wp-content\/uploads\/2026\/02\/397cca66-b011-4ded-b8c2-859186c9abfd_1576x834-768x406.webp 768w, https:\/\/hemiboreal.com\/wp-content\/uploads\/2026\/02\/397cca66-b011-4ded-b8c2-859186c9abfd_1576x834.webp 1456w\" sizes=\"auto, (max-width: 1024px) 100vw, 1024px\" \/>\t\t\t\t\t<\/a>\n\t\t\t\t\t\t\t<\/div>\n\t\t\t\t\t\t\t<div class=\"uagb-post__text\">\n\t\t\t\t\t<span class='uagb-post__taxonomy default'>\n\t\t\t\t\t\t\t\t\t\t\t\t<a href=\"https:\/\/hemiboreal.com\/fr\/beats\/recits\/\">R\u00e9cits<\/a>\t\t\t\t\t<\/span>\n\t\t\t\t<\/div>\n\t\t\t\t\t\t\t<h4 class=\"uagb-post__title uagb-post__text\">\n\t\t\t\t<a href=\"https:\/\/hemiboreal.com\/fr\/recits\/pas-seulement-pour-les-papillons\/\" target=\"_self\" rel=\"bookmark noopener noreferrer\">Pas seulement pour les papillons : les multiples avantages d&rsquo;\u00eatre Patrouilleur.euse<\/a>\n\t\t\t<\/h4>\n\t\t\t\t\t\t<div class='uagb-post__text uagb-post-grid-byline'>\n\t\t\t\t\t\t\t\t<time datetime=\"2026-02-06T00:27:56+00:00\" class=\"uagb-post__date\">\n\t\t\t\t\t\t\t\t\tf\u00e9vrier 6, 2026\t\t\t\t<\/time>\n\t\t\t\t\t\t<\/div>\n\t\t\t\n\t\t\t\t\t\t\t\t\t<\/article>\n\t\t\t\t\t\t\t\t\t\t\t\t\t\t\t\t<article class=\"uagb-post__inner-wrap\">\t\t\t\t\t\t\t\t<div class='uagb-post__image'>\n\t\t\t\t\t\t\t\t\t<a href=\"https:\/\/hemiboreal.com\/fr\/recits\/archipel-des-mottes-de-terre\/\" target=\"_self\" rel=\"bookmark noopener noreferrer\" class='uagb-image-ratio-inherit'><img loading=\"lazy\" decoding=\"async\" width=\"1024\" height=\"544\" src=\"https:\/\/hemiboreal.com\/wp-content\/uploads\/2026\/01\/ee5ffaa6-dc06-42ac-9255-8b944a2ea482_1595x848-1024x544.jpg\" class=\"attachment-large size-large\" alt=\"\" srcset=\"https:\/\/hemiboreal.com\/wp-content\/uploads\/2026\/01\/ee5ffaa6-dc06-42ac-9255-8b944a2ea482_1595x848-1024x544.jpg 1024w, https:\/\/hemiboreal.com\/wp-content\/uploads\/2026\/01\/ee5ffaa6-dc06-42ac-9255-8b944a2ea482_1595x848-300x159.jpg 300w, https:\/\/hemiboreal.com\/wp-content\/uploads\/2026\/01\/ee5ffaa6-dc06-42ac-9255-8b944a2ea482_1595x848-768x408.jpg 768w, https:\/\/hemiboreal.com\/wp-content\/uploads\/2026\/01\/ee5ffaa6-dc06-42ac-9255-8b944a2ea482_1595x848-1536x817.jpg 1536w, https:\/\/hemiboreal.com\/wp-content\/uploads\/2026\/01\/ee5ffaa6-dc06-42ac-9255-8b944a2ea482_1595x848.jpg 1595w\" sizes=\"auto, (max-width: 1024px) 100vw, 1024px\" \/>\t\t\t\t\t<\/a>\n\t\t\t\t\t\t\t<\/div>\n\t\t\t\t\t\t\t<div class=\"uagb-post__text\">\n\t\t\t\t\t<span class='uagb-post__taxonomy default'>\n\t\t\t\t\t\t\t\t\t\t\t\t<a href=\"https:\/\/hemiboreal.com\/fr\/beats\/recits\/\">R\u00e9cits<\/a>\t\t\t\t\t<\/span>\n\t\t\t\t<\/div>\n\t\t\t\t\t\t\t<h4 class=\"uagb-post__title uagb-post__text\">\n\t\t\t\t<a href=\"https:\/\/hemiboreal.com\/fr\/recits\/archipel-des-mottes-de-terre\/\" target=\"_self\" rel=\"bookmark noopener noreferrer\">L\u2019archipel des mottes de terre : ode \u00e0 une vie en campagne<\/a>\n\t\t\t<\/h4>\n\t\t\t\t\t\t<div class='uagb-post__text uagb-post-grid-byline'>\n\t\t\t\t\t\t\t\t<time datetime=\"2025-05-11T19:48:00+00:00\" class=\"uagb-post__date\">\n\t\t\t\t\t\t\t\t\tmai 11, 2025\t\t\t\t<\/time>\n\t\t\t\t\t\t<\/div>\n\t\t\t\n\t\t\t\t\t\t\t\t\t<\/article>\n\t\t\t\t\t\t\t\t\t\t\t<\/div>\n\t\t\t\n\n\n<p><\/p>\n\n\n\n<p>Samuel h\u00e9bergera \u00e9galement son blogue et son guide sur les Grainoth\u00e8ques de fleurs sauvages, intitul\u00e9 Partager notre nature, sur ce site Web.<\/p>\n\n\n\n<div class=\"wp-block-columns is-layout-flex wp-container-core-columns-is-layout-9d6595d7 wp-block-columns-is-layout-flex\">\n<div class=\"wp-block-column is-layout-flow wp-block-column-is-layout-flow\" style=\"flex-basis:30%\">\n<figure class=\"wp-block-image size-large\"><a href=\"https:\/\/hemiboreal.com\/?page_id=22&#038;page_id=4406\"><img loading=\"lazy\" decoding=\"async\" width=\"6493\" height=\"6455\" src=\"http:\/\/semencessauvages.org\/wp-content\/uploads\/2024\/09\/Artboard-26_1@2x.png\" alt=\"\" class=\"wp-image-4519\" srcset=\"https:\/\/hemiboreal.com\/wp-content\/uploads\/2024\/09\/Artboard-26_1@2x.png 6493w, https:\/\/hemiboreal.com\/wp-content\/uploads\/2024\/09\/Artboard-26_1@2x-300x298.png 300w, https:\/\/hemiboreal.com\/wp-content\/uploads\/2024\/09\/Artboard-26_1@2x-1024x1018.png 1024w, https:\/\/hemiboreal.com\/wp-content\/uploads\/2024\/09\/Artboard-26_1@2x-150x150.png 150w, https:\/\/hemiboreal.com\/wp-content\/uploads\/2024\/09\/Artboard-26_1@2x-768x764.png 768w, https:\/\/hemiboreal.com\/wp-content\/uploads\/2024\/09\/Artboard-26_1@2x-1536x1527.png 1536w\" sizes=\"auto, (max-width: 6493px) 100vw, 6493px\" \/><\/a><\/figure>\n<\/div>\n\n\n\n<div class=\"wp-block-column is-vertically-aligned-center is-layout-flow wp-block-column-is-layout-flow\" style=\"flex-basis:90%\">\n<h2 class=\"wp-block-heading\">Partager notre nature<\/h2>\n\n\n\n<div class=\"wp-block-buttons is-layout-flex wp-block-buttons-is-layout-flex\">\n<div class=\"wp-block-button\"><a class=\"wp-block-button__link wp-element-button\" href=\"https:\/\/semencessauvages.org\/guide\/\">Lire le guide<\/a><\/div>\n\n\n\n<div class=\"wp-block-button\"><a class=\"wp-block-button__link wp-element-button\" href=\"http:\/\/nature.semencessauvages.org\">Blogue Substack<\/a><\/div>\n<\/div>\n<\/div>\n<\/div>\n\n\n\n<div class=\"wp-block-columns is-layout-flex wp-container-core-columns-is-layout-9d6595d7 wp-block-columns-is-layout-flex\">\n<div class=\"wp-block-column is-layout-flow wp-block-column-is-layout-flow\" style=\"flex-basis:100%\"><\/div>\n<\/div>\n","protected":false},"excerpt":{"rendered":"<p>Derniers articles Samuel h\u00e9bergera \u00e9galement son blogue et son guide sur les Grainoth\u00e8ques de fleurs sauvages, intitul\u00e9 Partager notre nature, sur ce site Web. Partager notre nature<\/p>\n","protected":false},"author":1,"featured_media":5037,"parent":0,"menu_order":4,"comment_status":"closed","ping_status":"closed","template":"","meta":{"_uag_custom_page_level_css":"","_themeisle_gutenberg_block_has_review":false,"footnotes":""},"class_list":{"0":"post-4296","1":"page","2":"type-page","3":"status-publish","4":"has-post-thumbnail","6":"infinite-scroll-item"},"uagb_featured_image_src":{"full":["https:\/\/hemiboreal.com\/wp-content\/uploads\/2026\/01\/bg-1.png",2048,1289,false],"thumbnail":["https:\/\/hemiboreal.com\/wp-content\/uploads\/2026\/01\/bg-1-150x150.png",150,150,true],"medium":["https:\/\/hemiboreal.com\/wp-content\/uploads\/2026\/01\/bg-1-300x189.png",300,189,true],"medium_large":["https:\/\/hemiboreal.com\/wp-content\/uploads\/2026\/01\/bg-1-768x483.png",768,483,true],"large":["https:\/\/hemiboreal.com\/wp-content\/uploads\/2026\/01\/bg-1-1024x645.png",1024,645,true],"1536x1536":["https:\/\/hemiboreal.com\/wp-content\/uploads\/2026\/01\/bg-1-1536x967.png",1536,967,true],"2048x2048":["https:\/\/hemiboreal.com\/wp-content\/uploads\/2026\/01\/bg-1.png",2048,1289,false]},"uagb_author_info":{"display_name":"seedsmoncton","author_link":"https:\/\/hemiboreal.com\/fr\/author\/seedsmoncton\/"},"uagb_comment_info":0,"uagb_excerpt":"Derniers articles Samuel h\u00e9bergera \u00e9galement son blogue et son guide sur les Grainoth\u00e8ques de fleurs sauvages, intitul\u00e9 Partager notre nature, sur ce site Web. Partager notre nature","_links":{"self":[{"href":"https:\/\/hemiboreal.com\/fr\/wp-json\/wp\/v2\/pages\/4296","targetHints":{"allow":["GET"]}}],"collection":[{"href":"https:\/\/hemiboreal.com\/fr\/wp-json\/wp\/v2\/pages"}],"about":[{"href":"https:\/\/hemiboreal.com\/fr\/wp-json\/wp\/v2\/types\/page"}],"author":[{"embeddable":true,"href":"https:\/\/hemiboreal.com\/fr\/wp-json\/wp\/v2\/users\/1"}],"replies":[{"embeddable":true,"href":"https:\/\/hemiboreal.com\/fr\/wp-json\/wp\/v2\/comments?post=4296"}],"version-history":[{"count":69,"href":"https:\/\/hemiboreal.com\/fr\/wp-json\/wp\/v2\/pages\/4296\/revisions"}],"predecessor-version":[{"id":5738,"href":"https:\/\/hemiboreal.com\/fr\/wp-json\/wp\/v2\/pages\/4296\/revisions\/5738"}],"wp:featuredmedia":[{"embeddable":true,"href":"https:\/\/hemiboreal.com\/fr\/wp-json\/wp\/v2\/media\/5037"}],"wp:attachment":[{"href":"https:\/\/hemiboreal.com\/fr\/wp-json\/wp\/v2\/media?parent=4296"}],"curies":[{"name":"wp","href":"https:\/\/api.w.org\/{rel}","templated":true}]}}